{"id":12,"date":"2025-07-22T08:12:51","date_gmt":"2025-07-22T08:12:51","guid":{"rendered":"https:\/\/asociacion.holascomunidad.com\/?page_id=12"},"modified":"2025-07-29T19:41:21","modified_gmt":"2025-07-29T19:41:21","slug":"quienes-somos","status":"publish","type":"page","link":"https:\/\/asociacion.holascomunidad.com\/index.php\/quienes-somos\/","title":{"rendered":"Qui\u00e9nes somos"},"content":{"rendered":"\t\t<div data-elementor-type=\"wp-page\" data-elementor-id=\"12\" class=\"elementor elementor-12\">\n\t\t\t\t<div class=\"elementor-element elementor-element-22a6e31 e-flex e-con-boxed e-con e-parent\" data-id=\"22a6e31\" data-element_type=\"container\">\n\t\t\t\t\t<div class=\"e-con-inner\">\n\t\t\t\t<div class=\"elementor-element elementor-element-01d0946 elementor-widget-divider--view-line elementor-widget elementor-widget-divider\" data-id=\"01d0946\" data-element_type=\"widget\" data-widget_type=\"divider.default\">\n\t\t\t\t\t\t\t<div class=\"elementor-divider\">\n\t\t\t<span class=\"elementor-divider-separator\">\n\t\t\t\t\t\t<\/span>\n\t\t<\/div>\n\t\t\t\t\t\t<\/div>\n\t\t\t\t<div class=\"elementor-element elementor-element-4a26b7c elementor-widget elementor-widget-heading\" data-id=\"4a26b7c\" data-element_type=\"widget\" data-widget_type=\"heading.default\">\n\t\t\t\t\t<h2 class=\"elementor-heading-title elementor-size-default\">Qui\u00e9nes somos<\/h2>\t\t\t\t<\/div>\n\t\t\t\t<div class=\"elementor-element elementor-element-d2dc894 elementor-widget elementor-widget-text-editor\" data-id=\"d2dc894\" data-element_type=\"widget\" data-widget_type=\"text-editor.default\">\n\t\t\t\t\t\t\t\t\t<p data-start=\"202\" data-end=\"409\">En holaS creemos en la fuerza de una comunidad que cuida, escucha y acompa\u00f1a.<br data-start=\"280\" data-end=\"283\">Nacimos del compromiso real con las personas mayores y del deseo de transformar la soledad en v\u00ednculos, sentido y pertenencia.<\/p>\n<p data-start=\"411\" data-end=\"601\">Somos un equipo multidisciplinar con experiencia en innovaci\u00f3n social, acompa\u00f1amiento y dinamizaci\u00f3n de proyectos comunitarios.<br data-start=\"538\" data-end=\"541\">Pero sobre todo, somos personas que creen en otras personas.<\/p>\t\t\t\t\t\t\t\t<\/div>\n\t\t\t\t<div class=\"elementor-element elementor-element-0b3f56d elementor-widget elementor-widget-image\" data-id=\"0b3f56d\" data-element_type=\"widget\" data-widget_type=\"image.default\">\n\t\t\t\t\t\t\t\t\t\t\t\t\t\t\t<img fetchpriority=\"high\" decoding=\"async\" width=\"1024\" height=\"576\" src=\"https:\/\/asociacion.holascomunidad.com\/wp-content\/uploads\/2025\/07\/Copia-de-App-Development-Pitch-Deck-Presentation-in-Yellow-White-Professional-Gradients-Style-1-1024x576.png\" class=\"attachment-large size-large wp-image-274\" alt=\"\" srcset=\"https:\/\/asociacion.holascomunidad.com\/wp-content\/uploads\/2025\/07\/Copia-de-App-Development-Pitch-Deck-Presentation-in-Yellow-White-Professional-Gradients-Style-1-1024x576.png 1024w, https:\/\/asociacion.holascomunidad.com\/wp-content\/uploads\/2025\/07\/Copia-de-App-Development-Pitch-Deck-Presentation-in-Yellow-White-Professional-Gradients-Style-1-300x169.png 300w, https:\/\/asociacion.holascomunidad.com\/wp-content\/uploads\/2025\/07\/Copia-de-App-Development-Pitch-Deck-Presentation-in-Yellow-White-Professional-Gradients-Style-1-768x432.png 768w, https:\/\/asociacion.holascomunidad.com\/wp-content\/uploads\/2025\/07\/Copia-de-App-Development-Pitch-Deck-Presentation-in-Yellow-White-Professional-Gradients-Style-1-1536x864.png 1536w, https:\/\/asociacion.holascomunidad.com\/wp-content\/uploads\/2025\/07\/Copia-de-App-Development-Pitch-Deck-Presentation-in-Yellow-White-Professional-Gradients-Style-1.png 1920w\" sizes=\"(max-width: 1024px) 100vw, 1024px\" \/>\t\t\t\t\t\t\t\t\t\t\t\t\t\t\t<\/div>\n\t\t\t\t\t<\/div>\n\t\t\t\t<\/div>\n\t\t\t\t<\/div>\n\t\t","protected":false},"excerpt":{"rendered":"<p>Qui\u00e9nes somos En holaS creemos en la fuerza de una comunidad que cuida, escucha y acompa\u00f1a.Nacimos del compromiso real con [&hellip;]<\/p>\n","protected":false},"author":1,"featured_media":0,"parent":0,"menu_order":0,"comment_status":"closed","ping_status":"closed","template":"","meta":{"site-sidebar-layout":"no-sidebar","site-content-layout":"","ast-site-content-layout":"full-width-container","site-content-style":"default","site-sidebar-style":"default","ast-global-header-display":"","ast-banner-title-visibility":"","ast-main-header-display":"","ast-hfb-above-header-display":"","ast-hfb-below-header-display":"","ast-hfb-mobile-header-display":"","site-post-title":"disabled","ast-breadcrumbs-content":"","ast-featured-img":"disabled","footer-sml-layout":"","theme-transparent-header-meta":"","adv-header-id-meta":"","stick-header-meta":"","header-above-stick-meta":"","header-main-stick-meta":"","header-below-stick-meta":"","astra-migrate-meta-layouts":"default","ast-page-background-enabled":"default","ast-page-background-meta":{"desktop":{"background-color":"var(--ast-global-color-5)","background-image":"","background-repeat":"repeat","background-position":"center center","background-size":"auto","background-attachment":"scroll","background-type":"","background-media":"","overlay-type":"","overlay-color":"","overlay-opacity":"","overlay-gradient":""},"tablet":{"background-color":"","background-image":"","background-repeat":"repeat","background-position":"center center","background-size":"auto","background-attachment":"scroll","background-type":"","background-media":"","overlay-type":"","overlay-color":"","overlay-opacity":"","overlay-gradient":""},"mobile":{"background-color":"","background-image":"","background-repeat":"repeat","background-position":"center center","background-size":"auto","background-attachment":"scroll","background-type":"","background-media":"","overlay-type":"","overlay-color":"","overlay-opacity":"","overlay-gradient":""}},"ast-content-background-meta":{"desktop":{"background-color":"var(--ast-global-color-4)","background-image":"","background-repeat":"repeat","background-position":"center center","background-size":"auto","background-attachment":"scroll","background-type":"","background-media":"","overlay-type":"","overlay-color":"","overlay-opacity":"","overlay-gradient":""},"tablet":{"background-color":"var(--ast-global-color-4)","background-image":"","background-repeat":"repeat","background-position":"center center","background-size":"auto","background-attachment":"scroll","background-type":"","background-media":"","overlay-type":"","overlay-color":"","overlay-opacity":"","overlay-gradient":""},"mobile":{"background-color":"var(--ast-global-color-4)","background-image":"","background-repeat":"repeat","background-position":"center center","background-size":"auto","background-attachment":"scroll","background-type":"","background-media":"","overlay-type":"","overlay-color":"","overlay-opacity":"","overlay-gradient":""}},"footnotes":""},"class_list":["post-12","page","type-page","status-publish","hentry"],"yoast_head":"<!-- This site is optimized with the Yoast SEO plugin v26.4 - https:\/\/yoast.com\/wordpress\/plugins\/seo\/ -->\n<title>Qui\u00e9nes somos -<\/title>\n<meta name=\"robots\" content=\"index, follow, max-snippet:-1, max-image-preview:large, max-video-preview:-1\" \/>\n<link rel=\"canonical\" href=\"https:\/\/asociacion.holascomunidad.com\/index.php\/quienes-somos\/\" \/>\n<meta property=\"og:locale\" content=\"es_ES\" \/>\n<meta property=\"og:type\" content=\"article\" \/>\n<meta property=\"og:title\" content=\"Qui\u00e9nes somos -\" \/>\n<meta property=\"og:description\" content=\"Qui\u00e9nes somos En holaS creemos en la fuerza de una comunidad que cuida, escucha y acompa\u00f1a.Nacimos del compromiso real con [&hellip;]\" \/>\n<meta property=\"og:url\" content=\"https:\/\/asociacion.holascomunidad.com\/index.php\/quienes-somos\/\" \/>\n<meta property=\"article:modified_time\" content=\"2025-07-29T19:41:21+00:00\" \/>\n<meta property=\"og:image\" content=\"https:\/\/asociacion.holascomunidad.com\/wp-content\/uploads\/2025\/07\/Copia-de-App-Development-Pitch-Deck-Presentation-in-Yellow-White-Professional-Gradients-Style-1-1024x576.png\" \/>\n\t<meta property=\"og:image:width\" content=\"1024\" \/>\n\t<meta property=\"og:image:height\" content=\"576\" \/>\n\t<meta property=\"og:image:type\" content=\"image\/png\" \/>\n<meta name=\"twitter:card\" content=\"summary_large_image\" \/>\n<script type=\"application\/ld+json\" class=\"yoast-schema-graph\">{\"@context\":\"https:\/\/schema.org\",\"@graph\":[{\"@type\":\"WebPage\",\"@id\":\"https:\/\/asociacion.holascomunidad.com\/index.php\/quienes-somos\/\",\"url\":\"https:\/\/asociacion.holascomunidad.com\/index.php\/quienes-somos\/\",\"name\":\"Qui\u00e9nes somos -\",\"isPartOf\":{\"@id\":\"https:\/\/asociacion.holascomunidad.com\/#website\"},\"primaryImageOfPage\":{\"@id\":\"https:\/\/asociacion.holascomunidad.com\/index.php\/quienes-somos\/#primaryimage\"},\"image\":{\"@id\":\"https:\/\/asociacion.holascomunidad.com\/index.php\/quienes-somos\/#primaryimage\"},\"thumbnailUrl\":\"https:\/\/asociacion.holascomunidad.com\/wp-content\/uploads\/2025\/07\/Copia-de-App-Development-Pitch-Deck-Presentation-in-Yellow-White-Professional-Gradients-Style-1-1024x576.png\",\"datePublished\":\"2025-07-22T08:12:51+00:00\",\"dateModified\":\"2025-07-29T19:41:21+00:00\",\"breadcrumb\":{\"@id\":\"https:\/\/asociacion.holascomunidad.com\/index.php\/quienes-somos\/#breadcrumb\"},\"inLanguage\":\"es\",\"potentialAction\":[{\"@type\":\"ReadAction\",\"target\":[\"https:\/\/asociacion.holascomunidad.com\/index.php\/quienes-somos\/\"]}]},{\"@type\":\"ImageObject\",\"inLanguage\":\"es\",\"@id\":\"https:\/\/asociacion.holascomunidad.com\/index.php\/quienes-somos\/#primaryimage\",\"url\":\"https:\/\/asociacion.holascomunidad.com\/wp-content\/uploads\/2025\/07\/Copia-de-App-Development-Pitch-Deck-Presentation-in-Yellow-White-Professional-Gradients-Style-1.png\",\"contentUrl\":\"https:\/\/asociacion.holascomunidad.com\/wp-content\/uploads\/2025\/07\/Copia-de-App-Development-Pitch-Deck-Presentation-in-Yellow-White-Professional-Gradients-Style-1.png\",\"width\":1920,\"height\":1080},{\"@type\":\"BreadcrumbList\",\"@id\":\"https:\/\/asociacion.holascomunidad.com\/index.php\/quienes-somos\/#breadcrumb\",\"itemListElement\":[{\"@type\":\"ListItem\",\"position\":1,\"name\":\"Portada\",\"item\":\"https:\/\/asociacion.holascomunidad.com\/\"},{\"@type\":\"ListItem\",\"position\":2,\"name\":\"Qui\u00e9nes somos\"}]},{\"@type\":\"WebSite\",\"@id\":\"https:\/\/asociacion.holascomunidad.com\/#website\",\"url\":\"https:\/\/asociacion.holascomunidad.com\/\",\"name\":\"\",\"description\":\"\",\"potentialAction\":[{\"@type\":\"SearchAction\",\"target\":{\"@type\":\"EntryPoint\",\"urlTemplate\":\"https:\/\/asociacion.holascomunidad.com\/?s={search_term_string}\"},\"query-input\":{\"@type\":\"PropertyValueSpecification\",\"valueRequired\":true,\"valueName\":\"search_term_string\"}}],\"inLanguage\":\"es\"}]}<\/script>\n<!-- \/ Yoast SEO plugin. -->","yoast_head_json":{"title":"Qui\u00e9nes somos -","robots":{"index":"index","follow":"follow","max-snippet":"max-snippet:-1","max-image-preview":"max-image-preview:large","max-video-preview":"max-video-preview:-1"},"canonical":"https:\/\/asociacion.holascomunidad.com\/index.php\/quienes-somos\/","og_locale":"es_ES","og_type":"article","og_title":"Qui\u00e9nes somos -","og_description":"Qui\u00e9nes somos En holaS creemos en la fuerza de una comunidad que cuida, escucha y acompa\u00f1a.Nacimos del compromiso real con [&hellip;]","og_url":"https:\/\/asociacion.holascomunidad.com\/index.php\/quienes-somos\/","article_modified_time":"2025-07-29T19:41:21+00:00","og_image":[{"width":1024,"height":576,"url":"https:\/\/asociacion.holascomunidad.com\/wp-content\/uploads\/2025\/07\/Copia-de-App-Development-Pitch-Deck-Presentation-in-Yellow-White-Professional-Gradients-Style-1-1024x576.png","type":"image\/png"}],"twitter_card":"summary_large_image","schema":{"@context":"https:\/\/schema.org","@graph":[{"@type":"WebPage","@id":"https:\/\/asociacion.holascomunidad.com\/index.php\/quienes-somos\/","url":"https:\/\/asociacion.holascomunidad.com\/index.php\/quienes-somos\/","name":"Qui\u00e9nes somos -","isPartOf":{"@id":"https:\/\/asociacion.holascomunidad.com\/#website"},"primaryImageOfPage":{"@id":"https:\/\/asociacion.holascomunidad.com\/index.php\/quienes-somos\/#primaryimage"},"image":{"@id":"https:\/\/asociacion.holascomunidad.com\/index.php\/quienes-somos\/#primaryimage"},"thumbnailUrl":"https:\/\/asociacion.holascomunidad.com\/wp-content\/uploads\/2025\/07\/Copia-de-App-Development-Pitch-Deck-Presentation-in-Yellow-White-Professional-Gradients-Style-1-1024x576.png","datePublished":"2025-07-22T08:12:51+00:00","dateModified":"2025-07-29T19:41:21+00:00","breadcrumb":{"@id":"https:\/\/asociacion.holascomunidad.com\/index.php\/quienes-somos\/#breadcrumb"},"inLanguage":"es","potentialAction":[{"@type":"ReadAction","target":["https:\/\/asociacion.holascomunidad.com\/index.php\/quienes-somos\/"]}]},{"@type":"ImageObject","inLanguage":"es","@id":"https:\/\/asociacion.holascomunidad.com\/index.php\/quienes-somos\/#primaryimage","url":"https:\/\/asociacion.holascomunidad.com\/wp-content\/uploads\/2025\/07\/Copia-de-App-Development-Pitch-Deck-Presentation-in-Yellow-White-Professional-Gradients-Style-1.png","contentUrl":"https:\/\/asociacion.holascomunidad.com\/wp-content\/uploads\/2025\/07\/Copia-de-App-Development-Pitch-Deck-Presentation-in-Yellow-White-Professional-Gradients-Style-1.png","width":1920,"height":1080},{"@type":"BreadcrumbList","@id":"https:\/\/asociacion.holascomunidad.com\/index.php\/quienes-somos\/#breadcrumb","itemListElement":[{"@type":"ListItem","position":1,"name":"Portada","item":"https:\/\/asociacion.holascomunidad.com\/"},{"@type":"ListItem","position":2,"name":"Qui\u00e9nes somos"}]},{"@type":"WebSite","@id":"https:\/\/asociacion.holascomunidad.com\/#website","url":"https:\/\/asociacion.holascomunidad.com\/","name":"","description":"","potentialAction":[{"@type":"SearchAction","target":{"@type":"EntryPoint","urlTemplate":"https:\/\/asociacion.holascomunidad.com\/?s={search_term_string}"},"query-input":{"@type":"PropertyValueSpecification","valueRequired":true,"valueName":"search_term_string"}}],"inLanguage":"es"}]}},"_links":{"self":[{"href":"https:\/\/asociacion.holascomunidad.com\/index.php\/wp-json\/wp\/v2\/pages\/12","targetHints":{"allow":["GET"]}}],"collection":[{"href":"https:\/\/asociacion.holascomunidad.com\/index.php\/wp-json\/wp\/v2\/pages"}],"about":[{"href":"https:\/\/asociacion.holascomunidad.com\/index.php\/wp-json\/wp\/v2\/types\/page"}],"author":[{"embeddable":true,"href":"https:\/\/asociacion.holascomunidad.com\/index.php\/wp-json\/wp\/v2\/users\/1"}],"replies":[{"embeddable":true,"href":"https:\/\/asociacion.holascomunidad.com\/index.php\/wp-json\/wp\/v2\/comments?post=12"}],"version-history":[{"count":28,"href":"https:\/\/asociacion.holascomunidad.com\/index.php\/wp-json\/wp\/v2\/pages\/12\/revisions"}],"predecessor-version":[{"id":277,"href":"https:\/\/asociacion.holascomunidad.com\/index.php\/wp-json\/wp\/v2\/pages\/12\/revisions\/277"}],"wp:attachment":[{"href":"https:\/\/asociacion.holascomunidad.com\/index.php\/wp-json\/wp\/v2\/media?parent=12"}],"curies":[{"name":"wp","href":"https:\/\/api.w.org\/{rel}","templated":true}]}}