{"id":34,"date":"2025-07-22T18:14:34","date_gmt":"2025-07-22T18:14:34","guid":{"rendered":"https:\/\/asociacion.holascomunidad.com\/?page_id=34"},"modified":"2025-07-29T19:31:04","modified_gmt":"2025-07-29T19:31:04","slug":"metamorfosis-plateada","status":"publish","type":"page","link":"https:\/\/asociacion.holascomunidad.com\/index.php\/metamorfosis-plateada\/","title":{"rendered":"Metamorfosis Plateada"},"content":{"rendered":"\t\t<div data-elementor-type=\"wp-page\" data-elementor-id=\"34\" class=\"elementor elementor-34\">\n\t\t\t\t<div class=\"elementor-element elementor-element-549441f e-flex e-con-boxed e-con e-parent\" data-id=\"549441f\" data-element_type=\"container\">\n\t\t\t\t\t<div class=\"e-con-inner\">\n\t\t\t\t<div class=\"elementor-element elementor-element-73a20da elementor-widget-divider--view-line elementor-widget elementor-widget-divider\" data-id=\"73a20da\" data-element_type=\"widget\" data-widget_type=\"divider.default\">\n\t\t\t\t\t\t\t<div class=\"elementor-divider\">\n\t\t\t<span class=\"elementor-divider-separator\">\n\t\t\t\t\t\t<\/span>\n\t\t<\/div>\n\t\t\t\t\t\t<\/div>\n\t\t\t\t<div class=\"elementor-element elementor-element-799f407 elementor-widget elementor-widget-heading\" data-id=\"799f407\" data-element_type=\"widget\" data-widget_type=\"heading.default\">\n\t\t\t\t\t<h2 class=\"elementor-heading-title elementor-size-default\">Metamorfosis Plateada<\/h2>\t\t\t\t<\/div>\n\t\t\t\t<div class=\"elementor-element elementor-element-6a07158 elementor-widget elementor-widget-image\" data-id=\"6a07158\" data-element_type=\"widget\" data-widget_type=\"image.default\">\n\t\t\t\t\t\t\t\t\t\t\t\t\t\t\t<img fetchpriority=\"high\" decoding=\"async\" width=\"1024\" height=\"683\" src=\"https:\/\/asociacion.holascomunidad.com\/wp-content\/uploads\/2025\/07\/pexels-beth-fitzpatrick-742222899-33192031-1024x683.jpg\" class=\"attachment-large size-large wp-image-185\" alt=\"\" srcset=\"https:\/\/asociacion.holascomunidad.com\/wp-content\/uploads\/2025\/07\/pexels-beth-fitzpatrick-742222899-33192031-1024x683.jpg 1024w, https:\/\/asociacion.holascomunidad.com\/wp-content\/uploads\/2025\/07\/pexels-beth-fitzpatrick-742222899-33192031-300x200.jpg 300w, https:\/\/asociacion.holascomunidad.com\/wp-content\/uploads\/2025\/07\/pexels-beth-fitzpatrick-742222899-33192031-768x512.jpg 768w, https:\/\/asociacion.holascomunidad.com\/wp-content\/uploads\/2025\/07\/pexels-beth-fitzpatrick-742222899-33192031-1536x1024.jpg 1536w, https:\/\/asociacion.holascomunidad.com\/wp-content\/uploads\/2025\/07\/pexels-beth-fitzpatrick-742222899-33192031-2048x1365.jpg 2048w\" sizes=\"(max-width: 1024px) 100vw, 1024px\" \/>\t\t\t\t\t\t\t\t\t\t\t\t\t\t\t<\/div>\n\t\t\t\t<div class=\"elementor-element elementor-element-44e337b elementor-widget elementor-widget-text-editor\" data-id=\"44e337b\" data-element_type=\"widget\" data-widget_type=\"text-editor.default\">\n\t\t\t\t\t\t\t\t\t<p data-start=\"236\" data-end=\"388\"><span data-start=\"236\" data-end=\"261\">Metamorfosis Plateada<\/span> es un proyecto de innovaci\u00f3n social en el que las personas mayores lideran procesos de transformaci\u00f3n digital y comunitaria.<\/p><p data-start=\"395\" data-end=\"605\">A trav\u00e9s de talleres, creaci\u00f3n de contenidos audiovisuales y encuentros intergeneracionales, se comparten saberes, se fortalecen v\u00ednculos y se potencia el papel activo de las personas mayores en sus entornos.<\/p><p data-start=\"612\" data-end=\"737\">Una experiencia que conecta generaciones, rescata la memoria viva y apuesta por una sociedad m\u00e1s inclusiva y con m\u00e1s sentido.<\/p>\t\t\t\t\t\t\t\t<\/div>\n\t\t\t\t\t<\/div>\n\t\t\t\t<\/div>\n\t\t<div class=\"elementor-element elementor-element-4a332f9 e-flex e-con-boxed e-con e-parent\" data-id=\"4a332f9\" data-element_type=\"container\">\n\t\t\t\t\t<div class=\"e-con-inner\">\n\t\t\t\t<div class=\"elementor-element elementor-element-b325370 elementor-widget elementor-widget-image\" data-id=\"b325370\" data-element_type=\"widget\" data-widget_type=\"image.default\">\n\t\t\t\t\t\t\t\t\t\t\t\t\t\t\t<img decoding=\"async\" width=\"1024\" height=\"683\" src=\"https:\/\/asociacion.holascomunidad.com\/wp-content\/uploads\/2025\/07\/iStock-1472932742-1-1024x683.jpg\" class=\"attachment-large size-large wp-image-67\" alt=\"\" srcset=\"https:\/\/asociacion.holascomunidad.com\/wp-content\/uploads\/2025\/07\/iStock-1472932742-1-1024x683.jpg 1024w, https:\/\/asociacion.holascomunidad.com\/wp-content\/uploads\/2025\/07\/iStock-1472932742-1-300x200.jpg 300w, https:\/\/asociacion.holascomunidad.com\/wp-content\/uploads\/2025\/07\/iStock-1472932742-1-768x512.jpg 768w, https:\/\/asociacion.holascomunidad.com\/wp-content\/uploads\/2025\/07\/iStock-1472932742-1-1536x1024.jpg 1536w, https:\/\/asociacion.holascomunidad.com\/wp-content\/uploads\/2025\/07\/iStock-1472932742-1-2048x1365.jpg 2048w\" sizes=\"(max-width: 1024px) 100vw, 1024px\" \/>\t\t\t\t\t\t\t\t\t\t\t\t\t\t\t<\/div>\n\t\t\t\t<div class=\"elementor-element elementor-element-4ec3c7b elementor-widget elementor-widget-text-editor\" data-id=\"4ec3c7b\" data-element_type=\"widget\" data-widget_type=\"text-editor.default\">\n\t\t\t\t\t\t\t\t\t<p data-start=\"184\" data-end=\"457\"><span data-start=\"184\" data-end=\"209\">Metamorfosis Plateada<\/span> nace del deseo de visibilizar y poner en valor el conocimiento, la experiencia y la creatividad de las personas mayores. Es una iniciativa que transforma miradas y demuestra que el envejecimiento activo puede ser tambi\u00e9n un motor de cambio social.<\/p>\n<p data-start=\"459\" data-end=\"734\">Las personas participantes no solo reciben herramientas, sino que las reinterpretan y las convierten en nuevas formas de relaci\u00f3n, comunicaci\u00f3n y expresi\u00f3n. En cada encuentro se tejen redes afectivas, se comparten historias y se construyen referentes para las generaciones que vienen.<\/p>\n<p data-start=\"736\" data-end=\"896\">Este proyecto es tambi\u00e9n una forma de defender el derecho a participar plenamente en la vida cultural, digital y comunitaria, sin barreras de edad ni etiquetas.<\/p>\t\t\t\t\t\t\t\t<\/div>\n\t\t\t\t\t<\/div>\n\t\t\t\t<\/div>\n\t\t\t\t<\/div>\n\t\t","protected":false},"excerpt":{"rendered":"<p>Metamorfosis Plateada Metamorfosis Plateada es un proyecto de innovaci\u00f3n social en el que las personas mayores lideran procesos de transformaci\u00f3n [&hellip;]<\/p>\n","protected":false},"author":1,"featured_media":0,"parent":0,"menu_order":0,"comment_status":"closed","ping_status":"closed","template":"","meta":{"site-sidebar-layout":"no-sidebar","site-content-layout":"","ast-site-content-layout":"full-width-container","site-content-style":"default","site-sidebar-style":"default","ast-global-header-display":"","ast-banner-title-visibility":"","ast-main-header-display":"","ast-hfb-above-header-display":"","ast-hfb-below-header-display":"","ast-hfb-mobile-header-display":"","site-post-title":"disabled","ast-breadcrumbs-content":"","ast-featured-img":"disabled","footer-sml-layout":"","theme-transparent-header-meta":"","adv-header-id-meta":"","stick-header-meta":"","header-above-stick-meta":"","header-main-stick-meta":"","header-below-stick-meta":"","astra-migrate-meta-layouts":"default","ast-page-background-enabled":"default","ast-page-background-meta":{"desktop":{"background-color":"var(--ast-global-color-5)","background-image":"","background-repeat":"repeat","background-position":"center center","background-size":"auto","background-attachment":"scroll","background-type":"","background-media":"","overlay-type":"","overlay-color":"","overlay-opacity":"","overlay-gradient":""},"tablet":{"background-color":"","background-image":"","background-repeat":"repeat","background-position":"center center","background-size":"auto","background-attachment":"scroll","background-type":"","background-media":"","overlay-type":"","overlay-color":"","overlay-opacity":"","overlay-gradient":""},"mobile":{"background-color":"","background-image":"","background-repeat":"repeat","background-position":"center center","background-size":"auto","background-attachment":"scroll","background-type":"","background-media":"","overlay-type":"","overlay-color":"","overlay-opacity":"","overlay-gradient":""}},"ast-content-background-meta":{"desktop":{"background-color":"var(--ast-global-color-4)","background-image":"","background-repeat":"repeat","background-position":"center center","background-size":"auto","background-attachment":"scroll","background-type":"","background-media":"","overlay-type":"","overlay-color":"","overlay-opacity":"","overlay-gradient":""},"tablet":{"background-color":"var(--ast-global-color-4)","background-image":"","background-repeat":"repeat","background-position":"center center","background-size":"auto","background-attachment":"scroll","background-type":"","background-media":"","overlay-type":"","overlay-color":"","overlay-opacity":"","overlay-gradient":""},"mobile":{"background-color":"var(--ast-global-color-4)","background-image":"","background-repeat":"repeat","background-position":"center center","background-size":"auto","background-attachment":"scroll","background-type":"","background-media":"","overlay-type":"","overlay-color":"","overlay-opacity":"","overlay-gradient":""}},"footnotes":""},"class_list":["post-34","page","type-page","status-publish","hentry"],"yoast_head":"<!-- This site is optimized with the Yoast SEO plugin v26.4 - https:\/\/yoast.com\/wordpress\/plugins\/seo\/ -->\n<title>Metamorfosis Plateada -<\/title>\n<meta name=\"robots\" content=\"index, follow, max-snippet:-1, max-image-preview:large, max-video-preview:-1\" \/>\n<link rel=\"canonical\" href=\"https:\/\/asociacion.holascomunidad.com\/index.php\/metamorfosis-plateada\/\" \/>\n<meta property=\"og:locale\" content=\"es_ES\" \/>\n<meta property=\"og:type\" content=\"article\" \/>\n<meta property=\"og:title\" content=\"Metamorfosis Plateada -\" \/>\n<meta property=\"og:description\" content=\"Metamorfosis Plateada Metamorfosis Plateada es un proyecto de innovaci\u00f3n social en el que las personas mayores lideran procesos de transformaci\u00f3n [&hellip;]\" \/>\n<meta property=\"og:url\" content=\"https:\/\/asociacion.holascomunidad.com\/index.php\/metamorfosis-plateada\/\" \/>\n<meta property=\"article:modified_time\" content=\"2025-07-29T19:31:04+00:00\" \/>\n<meta property=\"og:image\" content=\"https:\/\/asociacion.holascomunidad.com\/wp-content\/uploads\/2025\/07\/pexels-beth-fitzpatrick-742222899-33192031-scaled.jpg\" \/>\n\t<meta property=\"og:image:width\" content=\"2560\" \/>\n\t<meta property=\"og:image:height\" content=\"1707\" \/>\n\t<meta property=\"og:image:type\" content=\"image\/jpeg\" \/>\n<meta name=\"twitter:card\" content=\"summary_large_image\" \/>\n<meta name=\"twitter:label1\" content=\"Tiempo de lectura\" \/>\n\t<meta name=\"twitter:data1\" content=\"1 minuto\" \/>\n<script type=\"application\/ld+json\" class=\"yoast-schema-graph\">{\"@context\":\"https:\/\/schema.org\",\"@graph\":[{\"@type\":\"WebPage\",\"@id\":\"https:\/\/asociacion.holascomunidad.com\/index.php\/metamorfosis-plateada\/\",\"url\":\"https:\/\/asociacion.holascomunidad.com\/index.php\/metamorfosis-plateada\/\",\"name\":\"Metamorfosis Plateada -\",\"isPartOf\":{\"@id\":\"https:\/\/asociacion.holascomunidad.com\/#website\"},\"primaryImageOfPage\":{\"@id\":\"https:\/\/asociacion.holascomunidad.com\/index.php\/metamorfosis-plateada\/#primaryimage\"},\"image\":{\"@id\":\"https:\/\/asociacion.holascomunidad.com\/index.php\/metamorfosis-plateada\/#primaryimage\"},\"thumbnailUrl\":\"https:\/\/asociacion.holascomunidad.com\/wp-content\/uploads\/2025\/07\/pexels-beth-fitzpatrick-742222899-33192031-1024x683.jpg\",\"datePublished\":\"2025-07-22T18:14:34+00:00\",\"dateModified\":\"2025-07-29T19:31:04+00:00\",\"breadcrumb\":{\"@id\":\"https:\/\/asociacion.holascomunidad.com\/index.php\/metamorfosis-plateada\/#breadcrumb\"},\"inLanguage\":\"es\",\"potentialAction\":[{\"@type\":\"ReadAction\",\"target\":[\"https:\/\/asociacion.holascomunidad.com\/index.php\/metamorfosis-plateada\/\"]}]},{\"@type\":\"ImageObject\",\"inLanguage\":\"es\",\"@id\":\"https:\/\/asociacion.holascomunidad.com\/index.php\/metamorfosis-plateada\/#primaryimage\",\"url\":\"https:\/\/asociacion.holascomunidad.com\/wp-content\/uploads\/2025\/07\/pexels-beth-fitzpatrick-742222899-33192031-scaled.jpg\",\"contentUrl\":\"https:\/\/asociacion.holascomunidad.com\/wp-content\/uploads\/2025\/07\/pexels-beth-fitzpatrick-742222899-33192031-scaled.jpg\",\"width\":2560,\"height\":1707},{\"@type\":\"BreadcrumbList\",\"@id\":\"https:\/\/asociacion.holascomunidad.com\/index.php\/metamorfosis-plateada\/#breadcrumb\",\"itemListElement\":[{\"@type\":\"ListItem\",\"position\":1,\"name\":\"Portada\",\"item\":\"https:\/\/asociacion.holascomunidad.com\/\"},{\"@type\":\"ListItem\",\"position\":2,\"name\":\"Metamorfosis Plateada\"}]},{\"@type\":\"WebSite\",\"@id\":\"https:\/\/asociacion.holascomunidad.com\/#website\",\"url\":\"https:\/\/asociacion.holascomunidad.com\/\",\"name\":\"\",\"description\":\"\",\"potentialAction\":[{\"@type\":\"SearchAction\",\"target\":{\"@type\":\"EntryPoint\",\"urlTemplate\":\"https:\/\/asociacion.holascomunidad.com\/?s={search_term_string}\"},\"query-input\":{\"@type\":\"PropertyValueSpecification\",\"valueRequired\":true,\"valueName\":\"search_term_string\"}}],\"inLanguage\":\"es\"}]}<\/script>\n<!-- \/ Yoast SEO plugin. -->","yoast_head_json":{"title":"Metamorfosis Plateada -","robots":{"index":"index","follow":"follow","max-snippet":"max-snippet:-1","max-image-preview":"max-image-preview:large","max-video-preview":"max-video-preview:-1"},"canonical":"https:\/\/asociacion.holascomunidad.com\/index.php\/metamorfosis-plateada\/","og_locale":"es_ES","og_type":"article","og_title":"Metamorfosis Plateada -","og_description":"Metamorfosis Plateada Metamorfosis Plateada es un proyecto de innovaci\u00f3n social en el que las personas mayores lideran procesos de transformaci\u00f3n [&hellip;]","og_url":"https:\/\/asociacion.holascomunidad.com\/index.php\/metamorfosis-plateada\/","article_modified_time":"2025-07-29T19:31:04+00:00","og_image":[{"width":2560,"height":1707,"url":"https:\/\/asociacion.holascomunidad.com\/wp-content\/uploads\/2025\/07\/pexels-beth-fitzpatrick-742222899-33192031-scaled.jpg","type":"image\/jpeg"}],"twitter_card":"summary_large_image","twitter_misc":{"Tiempo de lectura":"1 minuto"},"schema":{"@context":"https:\/\/schema.org","@graph":[{"@type":"WebPage","@id":"https:\/\/asociacion.holascomunidad.com\/index.php\/metamorfosis-plateada\/","url":"https:\/\/asociacion.holascomunidad.com\/index.php\/metamorfosis-plateada\/","name":"Metamorfosis Plateada -","isPartOf":{"@id":"https:\/\/asociacion.holascomunidad.com\/#website"},"primaryImageOfPage":{"@id":"https:\/\/asociacion.holascomunidad.com\/index.php\/metamorfosis-plateada\/#primaryimage"},"image":{"@id":"https:\/\/asociacion.holascomunidad.com\/index.php\/metamorfosis-plateada\/#primaryimage"},"thumbnailUrl":"https:\/\/asociacion.holascomunidad.com\/wp-content\/uploads\/2025\/07\/pexels-beth-fitzpatrick-742222899-33192031-1024x683.jpg","datePublished":"2025-07-22T18:14:34+00:00","dateModified":"2025-07-29T19:31:04+00:00","breadcrumb":{"@id":"https:\/\/asociacion.holascomunidad.com\/index.php\/metamorfosis-plateada\/#breadcrumb"},"inLanguage":"es","potentialAction":[{"@type":"ReadAction","target":["https:\/\/asociacion.holascomunidad.com\/index.php\/metamorfosis-plateada\/"]}]},{"@type":"ImageObject","inLanguage":"es","@id":"https:\/\/asociacion.holascomunidad.com\/index.php\/metamorfosis-plateada\/#primaryimage","url":"https:\/\/asociacion.holascomunidad.com\/wp-content\/uploads\/2025\/07\/pexels-beth-fitzpatrick-742222899-33192031-scaled.jpg","contentUrl":"https:\/\/asociacion.holascomunidad.com\/wp-content\/uploads\/2025\/07\/pexels-beth-fitzpatrick-742222899-33192031-scaled.jpg","width":2560,"height":1707},{"@type":"BreadcrumbList","@id":"https:\/\/asociacion.holascomunidad.com\/index.php\/metamorfosis-plateada\/#breadcrumb","itemListElement":[{"@type":"ListItem","position":1,"name":"Portada","item":"https:\/\/asociacion.holascomunidad.com\/"},{"@type":"ListItem","position":2,"name":"Metamorfosis Plateada"}]},{"@type":"WebSite","@id":"https:\/\/asociacion.holascomunidad.com\/#website","url":"https:\/\/asociacion.holascomunidad.com\/","name":"","description":"","potentialAction":[{"@type":"SearchAction","target":{"@type":"EntryPoint","urlTemplate":"https:\/\/asociacion.holascomunidad.com\/?s={search_term_string}"},"query-input":{"@type":"PropertyValueSpecification","valueRequired":true,"valueName":"search_term_string"}}],"inLanguage":"es"}]}},"_links":{"self":[{"href":"https:\/\/asociacion.holascomunidad.com\/index.php\/wp-json\/wp\/v2\/pages\/34","targetHints":{"allow":["GET"]}}],"collection":[{"href":"https:\/\/asociacion.holascomunidad.com\/index.php\/wp-json\/wp\/v2\/pages"}],"about":[{"href":"https:\/\/asociacion.holascomunidad.com\/index.php\/wp-json\/wp\/v2\/types\/page"}],"author":[{"embeddable":true,"href":"https:\/\/asociacion.holascomunidad.com\/index.php\/wp-json\/wp\/v2\/users\/1"}],"replies":[{"embeddable":true,"href":"https:\/\/asociacion.holascomunidad.com\/index.php\/wp-json\/wp\/v2\/comments?post=34"}],"version-history":[{"count":28,"href":"https:\/\/asociacion.holascomunidad.com\/index.php\/wp-json\/wp\/v2\/pages\/34\/revisions"}],"predecessor-version":[{"id":251,"href":"https:\/\/asociacion.holascomunidad.com\/index.php\/wp-json\/wp\/v2\/pages\/34\/revisions\/251"}],"wp:attachment":[{"href":"https:\/\/asociacion.holascomunidad.com\/index.php\/wp-json\/wp\/v2\/media?parent=34"}],"curies":[{"name":"wp","href":"https:\/\/api.w.org\/{rel}","templated":true}]}}